{"id":11397,"date":"2017-11-13T14:47:30","date_gmt":"2017-11-13T14:47:30","guid":{"rendered":"http:\/\/kaviar.ca\/a-propos\/"},"modified":"2018-10-02T10:57:09","modified_gmt":"2018-10-02T14:57:09","slug":"about-us","status":"publish","type":"page","link":"https:\/\/kaviar.ca\/en\/about-us\/","title":{"rendered":"About us"},"content":{"rendered":"<p>[et_pb_section bb_built=&#8221;1&#8243; admin_label=&#8221;Section &#8211; About header&#8221; background_color=&#8221;#dedede&#8221; custom_padding_last_edited=&#8221;on|phone&#8221; _builder_version=&#8221;3.0.106&#8243; background_image=&#8221;http:\/\/kaviar.ca\/wp-content\/uploads\/2018\/04\/Kaviar_Header_1200.jpg&#8221; custom_padding=&#8221;150px||250px|&#8221; custom_padding_tablet=&#8221;100px||100px|&#8221; custom_padding_phone=&#8221;75px||75px|&#8221; next_background_color=&#8221;#ffffff&#8221;][et_pb_row _builder_version=&#8221;3.0.106&#8243; background_size=&#8221;initial&#8221; background_position=&#8221;top_left&#8221; background_repeat=&#8221;repeat&#8221;][et_pb_column type=&#8221;4_4&#8243;][et_pb_text admin_label=&#8221;About Page Top Header &#8211; Text&#8221; _builder_version=&#8221;3.0.106&#8243; text_font=&#8221;|300|||||||&#8221; text_font_size=&#8221;20px&#8221; text_font_size_tablet=&#8221;19px&#8221; text_font_size_phone=&#8221;17px&#8221; text_font_size_last_edited=&#8221;on|phone&#8221; header_font=&#8221;|700||on|||||&#8221; header_font_size=&#8221;60px&#8221; header_font_size_tablet=&#8221;50px&#8221; header_font_size_phone=&#8221;35px&#8221; header_font_size_last_edited=&#8221;on|tablet&#8221; text_orientation=&#8221;center&#8221; module_alignment=&#8221;center&#8221; background_layout=&#8221;dark&#8221;]<\/p>\n<h1>\u00c0 Propos de nous<\/h1>\n<p>Lorem ipsum dolor sit amet<\/p>\n<p>[\/et_pb_text][\/et_pb_column][\/et_pb_row][\/et_pb_section][et_pb_section bb_built=&#8221;1&#8243; admin_label=&#8221;Section &#8211; About content&#8221; custom_padding_last_edited=&#8221;on|desktop&#8221; _builder_version=&#8221;3.0.89&#8243; custom_padding=&#8221;0px||10px|&#8221; custom_padding_tablet=&#8221;50px|||&#8221; prev_background_color=&#8221;#dedede&#8221; next_background_color=&#8221;#000000&#8243;][et_pb_row use_custom_gutter=&#8221;on&#8221; gutter_width=&#8221;1&#8243; custom_padding=&#8221;0px|||&#8221; make_equal=&#8221;on&#8221; background_color_1=&#8221;#ffffff&#8221; background_color_2=&#8221;#f9f9f9&#8243; bg_img_2=&#8221;http:\/\/kaviar.ca\/wp-content\/uploads\/2018\/04\/Kaviar_apropos_01.jpg&#8221; padding_top_1=&#8221;75px&#8221; padding_right_1=&#8221;50px&#8221; padding_bottom_1=&#8221;30px&#8221; padding_left_1=&#8221;50px&#8221; background_repeat_1=&#8221;no-repeat&#8221; background_repeat_2=&#8221;no-repeat&#8221; padding_1_tablet=&#8221;30px|0px|0px|0px&#8221; padding_1_last_edited=&#8221;on|desktop&#8221; module_class=&#8221;about-page-content&#8221; _builder_version=&#8221;3.0.106&#8243; custom_margin_last_edited=&#8221;on|desktop&#8221;][et_pb_column type=&#8221;1_2&#8243;][et_pb_text admin_label=&#8221;Text h1 header&#8221; _builder_version=&#8221;3.0.106&#8243; header_font=&#8221;|700|||||||&#8221; header_font_size=&#8221;35px&#8221; header_font_size_tablet=&#8221;33px&#8221; header_font_size_phone=&#8221;27px&#8221; header_font_size_last_edited=&#8221;on|phone&#8221; custom_margin=&#8221;||20px|&#8221; background_layout=&#8221;light&#8221;]<\/p>\n<h1>Depuis 1995<\/h1>\n<p>[\/et_pb_text][et_pb_text _builder_version=&#8221;3.0.106&#8243; background_layout=&#8221;light&#8221;]<\/p>\n<p><strong>Kaviar International inc<\/strong> est une belle histoire d&#8217;amour avec les chiens et les chats. Cette remarquable entreprise familiale fond\u00e9e en 1995 par monsieur Guy Bourgeois n\u2019a jamais cess\u00e9 d\u2019accro\u00eetre dans le march\u00e9 de l\u2019alimentation pour les animaux. \u00a0Toute sa famille ainsi qu\u2019une belle \u00e9quipe professionnelle et passionn\u00e9e en font partie.<\/p>\n<p>Le choix d\u2019un tel nom, en dit long. K A V I A R =Qualit\u00e9, prestige et de bon go\u00fbt et ce, \u00e0 des prix comp\u00e9titifs sur le march\u00e9 qu\u00e9b\u00e9cois; des formules satisfaisantes pour tous les types de chiens et de chats. Il faut travailler sans rel\u00e2che pour se diff\u00e9rencier des nombreuses marques sur le march\u00e9 autant dans les animaleries que dans les magasins \u00e0 grande surface.<\/p>\n<p>C\u2019est gr\u00e2ce \u00e0 la d\u00e9termination , l\u2019attitude positive, \u00e0 la visualisation du pouvoir de r\u00e9ussite et \u00e0 croyance pour nos produits et de notre concept unique \u00a0que nous sommes toujours pr\u00e9sents aujourd\u2019hui en 2014 pour vous livrer la marchandise avec le m\u00eame regard de fiert\u00e9 et de passion que nous avions d\u00e8s le tout premier jour!<\/p>\n<p>Recevez vos produits directement dans le confort de votre foyer (\u00e0 votre domicile) par le biais de nos distributeurs . Encouragez les entrepreneurs de votre secteur.<\/p>\n<p>&nbsp;<\/p>\n<p>[\/et_pb_text][et_pb_text admin_label=&#8221;Text &#8211; signature Toute l&#8217;\u00e9quipe&#8221; _builder_version=&#8221;3.0.106&#8243; text_font=&#8221;Reenie Beanie||||||||&#8221; text_font_size=&#8221;45px&#8221; text_text_color=&#8221;#232323&#8243; text_line_height=&#8221;1.1&#8243; text_orientation=&#8221;right&#8221; module_alignment=&#8221;right&#8221; custom_margin=&#8221;20px|||&#8221; background_layout=&#8221;light&#8221;]<\/p>\n<p>Toute l&#8217;\u00e9quipe<\/p>\n<p>[\/et_pb_text][\/et_pb_column][et_pb_column type=&#8221;1_2&#8243;][\/et_pb_column][\/et_pb_row][\/et_pb_section][et_pb_section bb_built=&#8221;1&#8243; _builder_version=&#8221;3.0.89&#8243; custom_padding=&#8221;0px|||&#8221; prev_background_color=&#8221;#000000&#8243; next_background_color=&#8221;#000000&#8243;][et_pb_row custom_padding=&#8221;||10px|&#8221; _builder_version=&#8221;3.0.89&#8243;][et_pb_column type=&#8221;4_4&#8243;][et_pb_text admin_label=&#8221;Default Header&#8221; module_class=&#8221;default-header&#8221; _builder_version=&#8221;3.0.106&#8243; module_alignment=&#8221;right&#8221; background_layout=&#8221;light&#8221;]<\/p>\n<h1>\u00c0 propos de la compagnie<\/h1>\n<p>Lorem ipsum dolor sit amet<\/p>\n<p>[\/et_pb_text][\/et_pb_column][\/et_pb_row][et_pb_row use_custom_gutter=&#8221;on&#8221; gutter_width=&#8221;3&#8243; _builder_version=&#8221;3.0.89&#8243;][et_pb_column type=&#8221;1_2&#8243;][et_pb_text _builder_version=&#8221;3.0.106&#8243; background_layout=&#8221;light&#8221;]<\/p>\n<p>L&#8217;entreprise est en pleine expansion et n\u2019a pas fini de vous surprendre. Nombreux Distributeurs, Ma\u00eetres Distributeurs et clients font partie de cette grande famille depuis 1995. Des formules gagnantes r\u00e9sultant de plusieurs bienfaits sur leur sant\u00e9 et leur bien \u00eatre. Des recettes fabriqu\u00e9es au Qu\u00e9bec et approuv\u00e9es par l\u2019A A F C O,\u00a0 l\u2019H A C C P ainsi que par U P A (union des produits agricoles du Qu\u00e9bec) aussi appel\u00e9 Aliments du Qu\u00e9bec.<\/p>\n<p>L\u2019entreprise a su d\u00e9velopper au fil des ans, une grande client\u00e8le en provenance de partout, en majorit\u00e9 de bouche \u00e0 oreille. Kaviar permet aux clients de recevoir des bonis suppl\u00e9mentaires gr\u00e2ce \u00e0 leur encouragement et r\u00e9f\u00e9rencement !! Enfin vous \u00eates bonifi\u00e9 pour votre partage et votre confiance.<\/p>\n<p>Nous vous souhaitons une agr\u00e9able visite sur notre blogue et nous vous encourageons \u00e0 commenter nos articles ou \u00e0 nous sugg\u00e9rer de nouveaux sujets.<\/p>\n<p><em>*Le prix peut \u00eatre sujet \u00e0 changement selon votre province.<\/em><\/p>\n<p>Bonne lecture!<\/p>\n<p>[\/et_pb_text][\/et_pb_column][et_pb_column type=&#8221;1_4&#8243;][et_pb_blurb admin_label=&#8221;About Blurb&#8221; title=&#8221;Lorem ipsum&#8221; use_icon=&#8221;on&#8221; font_icon=&#8221;%%169%%&#8221; use_icon_font_size=&#8221;on&#8221; icon_font_size=&#8221;35px&#8221; module_class=&#8221;about-page-blurb&#8221; _builder_version=&#8221;3.0.89&#8243; header_font=&#8221;|600|||||||&#8221; header_line_height=&#8221;1.2&#8243; url_new_window=&#8221;off&#8221; use_circle=&#8221;off&#8221; use_circle_border=&#8221;off&#8221; icon_placement=&#8221;top&#8221; background_layout=&#8221;light&#8221;]<\/p>\n<p>Lorem ipsum dolor sit amet, eu per legimus that power referrentur.<\/p>\n<p>[\/et_pb_blurb][et_pb_blurb admin_label=&#8221;About Blurb&#8221; title=&#8221;Lorem ipsum&#8221; use_icon=&#8221;on&#8221; font_icon=&#8221;%%155%%&#8221; use_icon_font_size=&#8221;on&#8221; icon_font_size=&#8221;35px&#8221; module_class=&#8221;about-page-blurb&#8221; _builder_version=&#8221;3.0.89&#8243; header_font=&#8221;|600|||||||&#8221; header_line_height=&#8221;1.2&#8243; url_new_window=&#8221;off&#8221; use_circle=&#8221;off&#8221; use_circle_border=&#8221;off&#8221; icon_placement=&#8221;top&#8221; background_layout=&#8221;light&#8221;]<\/p>\n<p>Lorem ipsum dolor sit amet, eu per legimus that power referrentur.<\/p>\n<p>[\/et_pb_blurb][\/et_pb_column][et_pb_column type=&#8221;1_4&#8243;][et_pb_blurb admin_label=&#8221;About Blurb&#8221; title=&#8221;Lorem ipsum&#8221; use_icon=&#8221;on&#8221; font_icon=&#8221;%%164%%&#8221; use_icon_font_size=&#8221;on&#8221; icon_font_size=&#8221;35px&#8221; module_class=&#8221;about-page-blurb&#8221; _builder_version=&#8221;3.0.89&#8243; header_font=&#8221;|600|||||||&#8221; header_line_height=&#8221;1.2&#8243; url_new_window=&#8221;off&#8221; use_circle=&#8221;off&#8221; use_circle_border=&#8221;off&#8221; icon_placement=&#8221;top&#8221; background_layout=&#8221;light&#8221;]<\/p>\n<p>Lorem ipsum dolor sit amet, eu per legimus that power referrentur.<\/p>\n<p>[\/et_pb_blurb][et_pb_blurb admin_label=&#8221;About Blurb&#8221; title=&#8221;Lorem ipsum&#8221; use_icon=&#8221;on&#8221; font_icon=&#8221;%%101%%&#8221; use_icon_font_size=&#8221;on&#8221; icon_font_size=&#8221;35px&#8221; module_class=&#8221;about-page-blurb&#8221; _builder_version=&#8221;3.0.89&#8243; header_font=&#8221;|600|||||||&#8221; header_line_height=&#8221;1.2&#8243; url_new_window=&#8221;off&#8221; use_circle=&#8221;off&#8221; use_circle_border=&#8221;off&#8221; icon_placement=&#8221;top&#8221; background_layout=&#8221;light&#8221;]<\/p>\n<p>Lorem ipsum dolor sit amet, eu per legimus that power referrentur.<\/p>\n<p>[\/et_pb_blurb][\/et_pb_column][\/et_pb_row][\/et_pb_section][et_pb_section bb_built=&#8221;1&#8243; admin_label=&#8221;Section &#8211; Newsletter&#8221; module_class=&#8221;newsletter-section&#8221; _builder_version=&#8221;3.0.106&#8243; custom_padding=&#8221;0px||20px|&#8221; collapsed=&#8221;off&#8221; prev_background_color=&#8221;#000000&#8243; next_background_color=&#8221;#000000&#8243;][et_pb_row use_custom_width=&#8221;on&#8221; width_unit=&#8221;off&#8221; custom_width_percent=&#8221;90%&#8221; background_color=&#8221;#f6f6f6&#8243; _builder_version=&#8221;3.0.106&#8243; background_image=&#8221;http:\/\/kaviar.ca\/wp-content\/uploads\/2013\/09\/DERMAVET.png&#8221; background_position=&#8221;bottom_left&#8221; background_size=&#8221;contain&#8221;][et_pb_column type=&#8221;1_3&#8243;][\/et_pb_column][et_pb_column type=&#8221;2_3&#8243;][et_pb_text admin_label=&#8221;Titre &#8211; Abonnez-vous \u00e0 notre infolettre !&#8221; module_class=&#8221;newsletter-header&#8221; _builder_version=&#8221;3.0.106&#8243; module_alignment=&#8221;center&#8221; background_layout=&#8221;light&#8221;]<\/p>\n<h1>Abonnez-vous \u00e0 notre infolettre !<\/h1>\n<p>[\/et_pb_text][et_pb_signup _builder_version=&#8221;3.0.106&#8243; button_text=&#8221;s&#8217;abonner&#8221; use_background_color=&#8221;off&#8221; activecampaign_list=&#8221;|none&#8221; aweber_list=&#8221;|none&#8221; campaign_monitor_list=&#8221;|none&#8221; constant_contact_list=&#8221;|none&#8221; convertkit_list=&#8221;|none&#8221; emma_list=&#8221;|none&#8221; feedblitz_list=&#8221;|none&#8221; getresponse_list=&#8221;|none&#8221; hubspot_list=&#8221;|none&#8221; icontact_list=&#8221;|none&#8221; infusionsoft_list=&#8221;|none&#8221; madmimi_list=&#8221;|none&#8221; mailchimp_list=&#8221;|none&#8221; mailerlite_list=&#8221;|none&#8221; mailpoet_list=&#8221;|none&#8221; mailster_list=&#8221;|none&#8221; ontraport_list=&#8221;|none&#8221; salesforce_list=&#8221;|none&#8221; sendinblue_list=&#8221;|none&#8221; name_field=&#8221;on&#8221; success_message=&#8221;Vous \u00eates abonn\u00e9s !&#8221; use_focus_border_color=&#8221;on&#8221; background_layout=&#8221;dark&#8221; result_message_font_size_tablet=&#8221;51&#8243; result_message_line_height_tablet=&#8221;2&#8243; custom_button=&#8221;on&#8221; button_icon_placement=&#8221;right&#8221; header_text_align=&#8221;left&#8221; body_text_align=&#8221;left&#8221; disabled_on=&#8221;off|off|off&#8221; disabled=&#8221;off&#8221; focus_text_color=&#8221;#000000&#8243; border_radii_fields=&#8221;on|0px|0px|0px|0px&#8221; border_width_all_fields=&#8221;1px&#8221; result_message_text_align=&#8221;left&#8221; button_text_color=&#8221;#ffffff&#8221; button_bg_color=&#8221;#000000&#8243; button_border_color=&#8221;#000000&#8243; button_font=&#8221;|700|||||||&#8221; button_use_icon=&#8221;off&#8221; button_text_color_hover=&#8221;#000000&#8243; button_bg_color_hover=&#8221;#ffffff&#8221; border_color_all_fields_focus=&#8221;#ff0000&#8243; border_width_all_fields_focus=&#8221;1px&#8221; custom_css_newsletter_form=&#8221;width: 100% !important;&#8221; button_rel=&#8221;|on|||&#8221; custom_css_newsletter_button=&#8221;padding-top : 10px !important;||padding-bottom : 10px !important;&#8221; \/][\/et_pb_column][\/et_pb_row][\/et_pb_section][et_pb_section bb_built=&#8221;1&#8243; fullwidth=&#8221;off&#8221; specialty=&#8221;off&#8221; prev_background_color=&#8221;#000000&#8243; next_background_color=&#8221;#000000&#8243;][et_pb_row][et_pb_column type=&#8221;4_4&#8243;][\/et_pb_column][\/et_pb_row][\/et_pb_section][et_pb_section bb_built=&#8221;1&#8243; admin_label=&#8221;Section &#8211; Brands class .brands&#8221; module_class=&#8221;brands&#8221; _builder_version=&#8221;3.0.89&#8243; prev_background_color=&#8221;#000000&#8243; disabled_on=&#8221;on|on|on&#8221; disabled=&#8221;on&#8221;][et_pb_row custom_padding=&#8221;||10px|&#8221; _builder_version=&#8221;3.0.89&#8243;][et_pb_column type=&#8221;4_4&#8243;][et_pb_text admin_label=&#8221;Default Header&#8221; module_class=&#8221;default-header&#8221; _builder_version=&#8221;3.0.89&#8243; module_alignment=&#8221;right&#8221;]<\/p>\n<h1>Our Brands<\/h1>\n<p>Lorem ipsum dolor sit amet<\/p>\n<p>[\/et_pb_text][\/et_pb_column][\/et_pb_row][et_pb_row custom_padding=&#8221;||10px|&#8221; _builder_version=&#8221;3.0.89&#8243;][et_pb_column type=&#8221;1_4&#8243;][et_pb_image admin_label=&#8221;Image &#8211; brand logo &#8221; src=&#8221;\/wp-content\/uploads\/2017\/09\/logo-8.png&#8221; align=&#8221;center&#8221; module_class=&#8221;brand-logo&#8221; _builder_version=&#8221;3.0.89&#8243;]<\/p>\n<p>&nbsp;<\/p>\n<p>[\/et_pb_image][\/et_pb_column][et_pb_column type=&#8221;1_4&#8243;][et_pb_image admin_label=&#8221;Image &#8211; brand logo &#8221; src=&#8221;\/wp-content\/uploads\/2017\/09\/logo-7.png&#8221; align=&#8221;center&#8221; module_class=&#8221;brand-logo&#8221; _builder_version=&#8221;3.0.89&#8243;]<\/p>\n<p>&nbsp;<\/p>\n<p>[\/et_pb_image][\/et_pb_column][et_pb_column type=&#8221;1_4&#8243;][et_pb_image admin_label=&#8221;Image &#8211; brand logo &#8221; src=&#8221;\/wp-content\/uploads\/2017\/09\/logo-6.png&#8221; align=&#8221;center&#8221; module_class=&#8221;brand-logo&#8221; _builder_version=&#8221;3.0.89&#8243;]<\/p>\n<p>&nbsp;<\/p>\n<p>[\/et_pb_image][\/et_pb_column][et_pb_column type=&#8221;1_4&#8243;][et_pb_image admin_label=&#8221;Image &#8211; brand logo &#8221; src=&#8221;\/wp-content\/uploads\/2017\/09\/logo-5.png&#8221; align=&#8221;center&#8221; module_class=&#8221;brand-logo&#8221; _builder_version=&#8221;3.0.89&#8243;]<\/p>\n<p>&nbsp;<\/p>\n<p>[\/et_pb_image][\/et_pb_column][\/et_pb_row][et_pb_row custom_padding=&#8221;10px|||&#8221; _builder_version=&#8221;3.0.89&#8243;][et_pb_column type=&#8221;1_4&#8243;][et_pb_image admin_label=&#8221;Image &#8211; brand logo &#8221; src=&#8221;\/wp-content\/uploads\/2017\/09\/logo-4.png&#8221; align=&#8221;center&#8221; module_class=&#8221;brand-logo&#8221; _builder_version=&#8221;3.0.89&#8243;]<\/p>\n<p>&nbsp;<\/p>\n<p>[\/et_pb_image][\/et_pb_column][et_pb_column type=&#8221;1_4&#8243;][et_pb_image admin_label=&#8221;Image &#8211; brand logo &#8221; src=&#8221;\/wp-content\/uploads\/2017\/09\/logo-3.png&#8221; align=&#8221;center&#8221; module_class=&#8221;brand-logo&#8221; _builder_version=&#8221;3.0.89&#8243;]<\/p>\n<p>&nbsp;<\/p>\n<p>[\/et_pb_image][\/et_pb_column][et_pb_column type=&#8221;1_4&#8243;][et_pb_image admin_label=&#8221;Image &#8211; brand logo &#8221; src=&#8221;\/wp-content\/uploads\/2017\/09\/logo-2.png&#8221; align=&#8221;center&#8221; module_class=&#8221;brand-logo&#8221; _builder_version=&#8221;3.0.89&#8243;]<\/p>\n<p>&nbsp;<\/p>\n<p>[\/et_pb_image][\/et_pb_column][et_pb_column type=&#8221;1_4&#8243;][et_pb_image admin_label=&#8221;Image &#8211; brand logo &#8221; src=&#8221;\/wp-content\/uploads\/2017\/09\/logo-1.png&#8221; align=&#8221;center&#8221; module_class=&#8221;brand-logo&#8221; _builder_version=&#8221;3.0.89&#8243;]<\/p>\n<p>&nbsp;<\/p>\n<p>[\/et_pb_image][\/et_pb_column][\/et_pb_row][\/et_pb_section]<\/p>\n<span class=\"et_bloom_bottom_trigger\"><\/span>","protected":false},"excerpt":{"rendered":"<p>\u00c0 Propos de nous Lorem ipsum dolor sit amet Depuis 1995 Kaviar International inc est une belle histoire d&#8217;amour avec les chiens et les chats. Cette remarquable entreprise familiale fond\u00e9e en 1995 par monsieur Guy Bourgeois n\u2019a jamais cess\u00e9 d\u2019accro\u00eetre dans le march\u00e9 de l\u2019alimentation pour les animaux. \u00a0Toute sa famille ainsi qu\u2019une belle \u00e9quipe [&hellip;]<\/p>\n","protected":false},"author":2522,"featured_media":0,"parent":0,"menu_order":0,"comment_status":"closed","ping_status":"closed","template":"","meta":{"_et_pb_use_builder":"on","_et_pb_old_content":"","_et_gb_content_width":""},"yoast_head":"<!-- This site is optimized with the Yoast SEO plugin v19.1 - https:\/\/yoast.com\/wordpress\/plugins\/seo\/ -->\n<title>About us - Kaviar<\/title>\n<meta name=\"robots\" content=\"index, follow, max-snippet:-1, max-image-preview:large, max-video-preview:-1\" \/>\n<link rel=\"canonical\" href=\"https:\/\/kaviar.ca\/en\/about-us\/\" \/>\n<meta property=\"og:locale\" content=\"en_US\" \/>\n<meta property=\"og:type\" content=\"article\" \/>\n<meta property=\"og:title\" content=\"About us - Kaviar\" \/>\n<meta property=\"og:description\" content=\"\u00c0 Propos de nous Lorem ipsum dolor sit amet Depuis 1995 Kaviar International inc est une belle histoire d&#039;amour avec les chiens et les chats. Cette remarquable entreprise familiale fond\u00e9e en 1995 par monsieur Guy Bourgeois n\u2019a jamais cess\u00e9 d\u2019accro\u00eetre dans le march\u00e9 de l\u2019alimentation pour les animaux. \u00a0Toute sa famille ainsi qu\u2019une belle \u00e9quipe [&hellip;]\" \/>\n<meta property=\"og:url\" content=\"https:\/\/kaviar.ca\/en\/about-us\/\" \/>\n<meta property=\"og:site_name\" content=\"Kaviar\" \/>\n<meta property=\"article:modified_time\" content=\"2018-10-02T14:57:09+00:00\" \/>\n<meta name=\"twitter:card\" content=\"summary_large_image\" \/>\n<meta name=\"twitter:label1\" content=\"Est. reading time\" \/>\n\t<meta name=\"twitter:data1\" content=\"9 minutes\" \/>\n<script type=\"application\/ld+json\" class=\"yoast-schema-graph\">{\"@context\":\"https:\/\/schema.org\",\"@graph\":[{\"@type\":\"WebSite\",\"@id\":\"https:\/\/kaviar.ca\/#website\",\"url\":\"https:\/\/kaviar.ca\/\",\"name\":\"Kaviar\",\"description\":\"Un nom de prestige pour une nourriture de qualit\u00e9\",\"potentialAction\":[{\"@type\":\"SearchAction\",\"target\":{\"@type\":\"EntryPoint\",\"urlTemplate\":\"https:\/\/kaviar.ca\/?s={search_term_string}\"},\"query-input\":\"required name=search_term_string\"}],\"inLanguage\":\"en-US\"},{\"@type\":\"WebPage\",\"@id\":\"https:\/\/kaviar.ca\/en\/about-us\/#webpage\",\"url\":\"https:\/\/kaviar.ca\/en\/about-us\/\",\"name\":\"About us - Kaviar\",\"isPartOf\":{\"@id\":\"https:\/\/kaviar.ca\/#website\"},\"datePublished\":\"2017-11-13T14:47:30+00:00\",\"dateModified\":\"2018-10-02T14:57:09+00:00\",\"breadcrumb\":{\"@id\":\"https:\/\/kaviar.ca\/en\/about-us\/#breadcrumb\"},\"inLanguage\":\"en-US\",\"potentialAction\":[{\"@type\":\"ReadAction\",\"target\":[\"https:\/\/kaviar.ca\/en\/about-us\/\"]}]},{\"@type\":\"BreadcrumbList\",\"@id\":\"https:\/\/kaviar.ca\/en\/about-us\/#breadcrumb\",\"itemListElement\":[{\"@type\":\"ListItem\",\"position\":1,\"name\":\"Accueil\",\"item\":\"https:\/\/kaviar.ca\/en\/\"},{\"@type\":\"ListItem\",\"position\":2,\"name\":\"About us\"}]}]}<\/script>\n<!-- \/ Yoast SEO plugin. -->","yoast_head_json":{"title":"About us - Kaviar","robots":{"index":"index","follow":"follow","max-snippet":"max-snippet:-1","max-image-preview":"max-image-preview:large","max-video-preview":"max-video-preview:-1"},"canonical":"https:\/\/kaviar.ca\/en\/about-us\/","og_locale":"en_US","og_type":"article","og_title":"About us - Kaviar","og_description":"\u00c0 Propos de nous Lorem ipsum dolor sit amet Depuis 1995 Kaviar International inc est une belle histoire d'amour avec les chiens et les chats. Cette remarquable entreprise familiale fond\u00e9e en 1995 par monsieur Guy Bourgeois n\u2019a jamais cess\u00e9 d\u2019accro\u00eetre dans le march\u00e9 de l\u2019alimentation pour les animaux. \u00a0Toute sa famille ainsi qu\u2019une belle \u00e9quipe [&hellip;]","og_url":"https:\/\/kaviar.ca\/en\/about-us\/","og_site_name":"Kaviar","article_modified_time":"2018-10-02T14:57:09+00:00","twitter_card":"summary_large_image","twitter_misc":{"Est. reading time":"9 minutes"},"schema":{"@context":"https:\/\/schema.org","@graph":[{"@type":"WebSite","@id":"https:\/\/kaviar.ca\/#website","url":"https:\/\/kaviar.ca\/","name":"Kaviar","description":"Un nom de prestige pour une nourriture de qualit\u00e9","potentialAction":[{"@type":"SearchAction","target":{"@type":"EntryPoint","urlTemplate":"https:\/\/kaviar.ca\/?s={search_term_string}"},"query-input":"required name=search_term_string"}],"inLanguage":"en-US"},{"@type":"WebPage","@id":"https:\/\/kaviar.ca\/en\/about-us\/#webpage","url":"https:\/\/kaviar.ca\/en\/about-us\/","name":"About us - Kaviar","isPartOf":{"@id":"https:\/\/kaviar.ca\/#website"},"datePublished":"2017-11-13T14:47:30+00:00","dateModified":"2018-10-02T14:57:09+00:00","breadcrumb":{"@id":"https:\/\/kaviar.ca\/en\/about-us\/#breadcrumb"},"inLanguage":"en-US","potentialAction":[{"@type":"ReadAction","target":["https:\/\/kaviar.ca\/en\/about-us\/"]}]},{"@type":"BreadcrumbList","@id":"https:\/\/kaviar.ca\/en\/about-us\/#breadcrumb","itemListElement":[{"@type":"ListItem","position":1,"name":"Accueil","item":"https:\/\/kaviar.ca\/en\/"},{"@type":"ListItem","position":2,"name":"About us"}]}]}},"_links":{"self":[{"href":"https:\/\/kaviar.ca\/en\/wp-json\/wp\/v2\/pages\/11397"}],"collection":[{"href":"https:\/\/kaviar.ca\/en\/wp-json\/wp\/v2\/pages"}],"about":[{"href":"https:\/\/kaviar.ca\/en\/wp-json\/wp\/v2\/types\/page"}],"author":[{"embeddable":true,"href":"https:\/\/kaviar.ca\/en\/wp-json\/wp\/v2\/users\/2522"}],"replies":[{"embeddable":true,"href":"https:\/\/kaviar.ca\/en\/wp-json\/wp\/v2\/comments?post=11397"}],"version-history":[{"count":2,"href":"https:\/\/kaviar.ca\/en\/wp-json\/wp\/v2\/pages\/11397\/revisions"}],"predecessor-version":[{"id":11399,"href":"https:\/\/kaviar.ca\/en\/wp-json\/wp\/v2\/pages\/11397\/revisions\/11399"}],"wp:attachment":[{"href":"https:\/\/kaviar.ca\/en\/wp-json\/wp\/v2\/media?parent=11397"}],"curies":[{"name":"wp","href":"https:\/\/api.w.org\/{rel}","templated":true}]}}