{"id":17046,"date":"2019-07-04T16:37:11","date_gmt":"2019-07-04T20:37:11","guid":{"rendered":"http:\/\/kaviar.ca\/?post_type=product&#038;p=17046"},"modified":"2023-12-17T06:14:14","modified_gmt":"2023-12-17T11:14:14","slug":"sans-grain-2","status":"publish","type":"product","link":"https:\/\/kaviar.ca\/en\/shop\/cat_products\/sans-grain-2\/","title":{"rendered":"Sans grain"},"content":{"rendered":"<p>Sp\u00e9cialement formul\u00e9e pour les chats ayant une intol\u00e9rance aux c\u00e9r\u00e9ales\u00a0ou tout simplement qui ont un estomac sensible! Procurez-vous un \u00e9chantillon lors de votre prochaine commande et faites-lui l&#8217;essai&#8230; vous constaterez d\u00e9j\u00e0 une diff\u00e9rence.<\/p>\n<p>&nbsp;<\/p>\n<p><strong>ANALYSE NUTRITIONNELLE<\/strong><\/p>\n<table style=\"height: 302px;\" width=\"557\">\n<tbody>\n<tr>\n<td>PROT\u00c9INES BRUTES<\/td>\n<td style=\"text-align: center;\">38%<\/td>\n<\/tr>\n<tr>\n<td>MATI\u00c8RES GRASSES BRUTES<\/td>\n<td style=\"text-align: center;\">18%<\/td>\n<\/tr>\n<tr>\n<td>FIBRES BRUTES<\/td>\n<td style=\"text-align: center;\">3.7%<\/td>\n<\/tr>\n<tr>\n<td>HUMIDIT\u00c9<\/td>\n<td style=\"text-align: center;\">10%<\/td>\n<\/tr>\n<tr>\n<td>CENDRES BRUTES<\/td>\n<td style=\"text-align: center;\">7%<\/td>\n<\/tr>\n<tr>\n<td>CALCIUM<\/td>\n<td style=\"text-align: center;\">1.7%<\/td>\n<\/tr>\n<tr>\n<td>PHOSPHORE<\/td>\n<td style=\"text-align: center;\">1.2%<\/td>\n<\/tr>\n<tr>\n<td>POTASSIUM<\/td>\n<td style=\"text-align: center;\">0.60%<\/td>\n<\/tr>\n<tr>\n<td>SODIUM<\/td>\n<td style=\"text-align: center;\">0.45%<\/td>\n<\/tr>\n<tr>\n<td>MAGN\u00c9SIUM<\/td>\n<td style=\"text-align: center;\">0.10%<\/td>\n<\/tr>\n<\/tbody>\n<\/table>\n<p>&nbsp;<\/p>\n<p><strong>RATIONS QUOTIDIENNES<\/strong><\/p>\n<table style=\"height: 152px;\" width=\"553\">\n<tbody>\n<tr>\n<td style=\"text-align: center;\"><strong>POIDS DE L&#8217;ANIMAL (lb)<\/strong><\/td>\n<td style=\"text-align: center;\"><strong>QUANTIT\u00c9 \u00c0 SERVIR (tasse)<\/strong><\/td>\n<\/tr>\n<tr>\n<td style=\"text-align: center;\">4.4 &#8211; 6.6<\/td>\n<td style=\"text-align: center;\">1\/2 &#8211; 3\/4<\/td>\n<\/tr>\n<tr>\n<td style=\"text-align: center;\">6.6 &#8211; 11.0<\/td>\n<td style=\"text-align: center;\">3\/4 &#8211; 1<\/td>\n<\/tr>\n<tr>\n<td style=\"text-align: center;\">11.0 &#8211; 13.2<\/td>\n<td style=\"text-align: center;\">1 &#8211; 1\/15<\/td>\n<\/tr>\n<tr>\n<td style=\"text-align: center;\">13.2 \u00a0+<\/td>\n<td style=\"text-align: center;\">1\/15 +1\/8 t. \/ 2.2 lb<\/td>\n<\/tr>\n<\/tbody>\n<\/table>\n<p>&nbsp;<\/p>\n<p><strong>INGR\u00c9DIENTS\u00a0<\/strong>: Poulet d\u00e9shydrat\u00e9, pommes de terre, huile de soya, oeufs entiers s\u00e9ch\u00e9s, levure, luzerne, digestat de foie de poulet, huile de poisson (source de DHA\/EPA), graines de lin (OM\u00c9GA 3), m\u00e9thionine, sel, hareng d\u00e9shydrat\u00e9, chlorure de choline, fibres de pommes, canneberges, taurine, yucca shidigera, bisulfate de sodium, calcium propionate, sulfate ferreux, suppl\u00e9ment de vitamine E, oxyde de zinc, suppl\u00e9ment de niacine, suppl\u00e9ment d&#8217;acide folique, suppl\u00e9ment de vitamine B 12, sulfate de cuivre, oxyde de mangan\u00e8se, suppl\u00e9ment de vitamine A, s\u00e9l\u00e9nium, suppl\u00e9ment de riboflavine, panthot\u00e9nate de calcium, suppl\u00e9ment de biotine, complexe de m\u00e9tasulfite de m\u00e9nadione (source d&#8217;activit\u00e9 de vitamine K),suppl\u00e9ment de vitamine D, iodate de calcium.<\/p>\n<p><strong>\u00c9NERGIE M\u00c9TABOLISABLE CALCUL\u00c9E=\u00a0<\/strong>438 kcal\/ tasse et 365 kcal \/ 100 grammes<\/p>\n<p>1 tasse = 120 grammes<\/p>\n<span class=\"et_bloom_bottom_trigger\"><\/span>","protected":false},"excerpt":{"rendered":"<p>Sp\u00e9cialement formul\u00e9e pour les chats ayant une intol\u00e9rance aux c\u00e9r\u00e9ales\u00a0ou tout simplement qui ont un estomac sensible! Elle contient de la m\u00e9thionine (puissant antioxydant) qui r\u00e9g\u00e9n\u00e8re les cellules du foie et des reins.<\/p>\n","protected":false},"featured_media":10411,"comment_status":"open","ping_status":"closed","template":"","meta":{"_et_pb_use_builder":"","_et_pb_old_content":"","_et_gb_content_width":""},"product_cat":[483],"product_tag":[943,944,945,946,947,948,949,950,951],"yoast_head":"<!-- This site is optimized with the Yoast SEO plugin v19.1 - https:\/\/yoast.com\/wordpress\/plugins\/seo\/ -->\n<title>Sans grain | Nourriture pour les chats | Qu\u00e9bec | Kaviar<\/title>\n<meta name=\"description\" content=\"Nourriture de qualit\u00e9 sup\u00e9rieure | Fabriqu\u00e9 au Canada | Sans sous-produits | Hypoallerg\u00e8ne | Livraison 24h | Meilleur rapport qualit\u00e9-prix du march\u00e9\" \/>\n<meta name=\"robots\" content=\"index, follow, max-snippet:-1, max-image-preview:large, max-video-preview:-1\" \/>\n<link rel=\"canonical\" href=\"https:\/\/kaviar.ca\/en\/shop\/cat_products\/sans-grain-2\/\" \/>\n<meta property=\"og:locale\" content=\"en_US\" \/>\n<meta property=\"og:type\" content=\"article\" \/>\n<meta property=\"og:title\" content=\"Sans grain | Nourriture pour les chats | Qu\u00e9bec | Kaviar\" \/>\n<meta property=\"og:description\" content=\"Nourriture de qualit\u00e9 sup\u00e9rieure | Fabriqu\u00e9 au Canada | Sans sous-produits | Hypoallerg\u00e8ne | Livraison 24h | Meilleur rapport qualit\u00e9-prix du march\u00e9\" \/>\n<meta property=\"og:url\" content=\"https:\/\/kaviar.ca\/en\/shop\/cat_products\/sans-grain-2\/\" \/>\n<meta property=\"og:site_name\" content=\"Kaviar\" \/>\n<meta property=\"article:modified_time\" content=\"2023-12-17T11:14:14+00:00\" \/>\n<meta property=\"og:image\" content=\"https:\/\/kaviar.ca\/wp-content\/uploads\/2015\/06\/SANSGRAIN.jpg\" \/>\n\t<meta property=\"og:image:width\" content=\"250\" \/>\n\t<meta property=\"og:image:height\" content=\"250\" \/>\n\t<meta property=\"og:image:type\" content=\"image\/jpeg\" \/>\n<meta name=\"twitter:card\" content=\"summary_large_image\" \/>\n<meta name=\"twitter:label1\" content=\"Est. reading time\" \/>\n\t<meta name=\"twitter:data1\" content=\"1 minute\" \/>\n<script type=\"application\/ld+json\" class=\"yoast-schema-graph\">{\"@context\":\"https:\/\/schema.org\",\"@graph\":[{\"@type\":\"WebSite\",\"@id\":\"https:\/\/kaviar.ca\/#website\",\"url\":\"https:\/\/kaviar.ca\/\",\"name\":\"Kaviar\",\"description\":\"Un nom de prestige pour une nourriture de qualit\u00e9\",\"potentialAction\":[{\"@type\":\"SearchAction\",\"target\":{\"@type\":\"EntryPoint\",\"urlTemplate\":\"https:\/\/kaviar.ca\/?s={search_term_string}\"},\"query-input\":\"required name=search_term_string\"}],\"inLanguage\":\"en-US\"},{\"@type\":\"ImageObject\",\"inLanguage\":\"en-US\",\"@id\":\"https:\/\/kaviar.ca\/en\/shop\/cat_products\/sans-grain-2\/#primaryimage\",\"url\":\"https:\/\/kaviar.ca\/wp-content\/uploads\/2015\/06\/SANSGRAIN.jpg\",\"contentUrl\":\"https:\/\/kaviar.ca\/wp-content\/uploads\/2015\/06\/SANSGRAIN.jpg\",\"width\":250,\"height\":250,\"caption\":\"Isolated cream bengal kitten licking its lips in anticipation of a meal\"},{\"@type\":\"WebPage\",\"@id\":\"https:\/\/kaviar.ca\/en\/shop\/cat_products\/sans-grain-2\/#webpage\",\"url\":\"https:\/\/kaviar.ca\/en\/shop\/cat_products\/sans-grain-2\/\",\"name\":\"Sans grain | Nourriture pour les chats | Qu\u00e9bec | Kaviar\",\"isPartOf\":{\"@id\":\"https:\/\/kaviar.ca\/#website\"},\"primaryImageOfPage\":{\"@id\":\"https:\/\/kaviar.ca\/en\/shop\/cat_products\/sans-grain-2\/#primaryimage\"},\"datePublished\":\"2019-07-04T20:37:11+00:00\",\"dateModified\":\"2023-12-17T11:14:14+00:00\",\"description\":\"Nourriture de qualit\u00e9 sup\u00e9rieure | Fabriqu\u00e9 au Canada | Sans sous-produits | Hypoallerg\u00e8ne | Livraison 24h | Meilleur rapport qualit\u00e9-prix du march\u00e9\",\"breadcrumb\":{\"@id\":\"https:\/\/kaviar.ca\/en\/shop\/cat_products\/sans-grain-2\/#breadcrumb\"},\"inLanguage\":\"en-US\",\"potentialAction\":[{\"@type\":\"ReadAction\",\"target\":[\"https:\/\/kaviar.ca\/en\/shop\/cat_products\/sans-grain-2\/\"]}]},{\"@type\":\"BreadcrumbList\",\"@id\":\"https:\/\/kaviar.ca\/en\/shop\/cat_products\/sans-grain-2\/#breadcrumb\",\"itemListElement\":[{\"@type\":\"ListItem\",\"position\":1,\"name\":\"Accueil\",\"item\":\"https:\/\/kaviar.ca\/en\/\"},{\"@type\":\"ListItem\",\"position\":2,\"name\":\"Shop\",\"item\":\"https:\/\/kaviar.ca\/en\/shop\/\"},{\"@type\":\"ListItem\",\"position\":3,\"name\":\"Sans grain\"}]}]}<\/script>\n<!-- \/ Yoast SEO plugin. -->","yoast_head_json":{"title":"Sans grain | Nourriture pour les chats | Qu\u00e9bec | Kaviar","description":"Nourriture de qualit\u00e9 sup\u00e9rieure | Fabriqu\u00e9 au Canada | Sans sous-produits | Hypoallerg\u00e8ne | Livraison 24h | Meilleur rapport qualit\u00e9-prix du march\u00e9","robots":{"index":"index","follow":"follow","max-snippet":"max-snippet:-1","max-image-preview":"max-image-preview:large","max-video-preview":"max-video-preview:-1"},"canonical":"https:\/\/kaviar.ca\/en\/shop\/cat_products\/sans-grain-2\/","og_locale":"en_US","og_type":"article","og_title":"Sans grain | Nourriture pour les chats | Qu\u00e9bec | Kaviar","og_description":"Nourriture de qualit\u00e9 sup\u00e9rieure | Fabriqu\u00e9 au Canada | Sans sous-produits | Hypoallerg\u00e8ne | Livraison 24h | Meilleur rapport qualit\u00e9-prix du march\u00e9","og_url":"https:\/\/kaviar.ca\/en\/shop\/cat_products\/sans-grain-2\/","og_site_name":"Kaviar","article_modified_time":"2023-12-17T11:14:14+00:00","og_image":[{"width":250,"height":250,"url":"https:\/\/kaviar.ca\/wp-content\/uploads\/2015\/06\/SANSGRAIN.jpg","type":"image\/jpeg"}],"twitter_card":"summary_large_image","twitter_misc":{"Est. reading time":"1 minute"},"schema":{"@context":"https:\/\/schema.org","@graph":[{"@type":"WebSite","@id":"https:\/\/kaviar.ca\/#website","url":"https:\/\/kaviar.ca\/","name":"Kaviar","description":"Un nom de prestige pour une nourriture de qualit\u00e9","potentialAction":[{"@type":"SearchAction","target":{"@type":"EntryPoint","urlTemplate":"https:\/\/kaviar.ca\/?s={search_term_string}"},"query-input":"required name=search_term_string"}],"inLanguage":"en-US"},{"@type":"ImageObject","inLanguage":"en-US","@id":"https:\/\/kaviar.ca\/en\/shop\/cat_products\/sans-grain-2\/#primaryimage","url":"https:\/\/kaviar.ca\/wp-content\/uploads\/2015\/06\/SANSGRAIN.jpg","contentUrl":"https:\/\/kaviar.ca\/wp-content\/uploads\/2015\/06\/SANSGRAIN.jpg","width":250,"height":250,"caption":"Isolated cream bengal kitten licking its lips in anticipation of a meal"},{"@type":"WebPage","@id":"https:\/\/kaviar.ca\/en\/shop\/cat_products\/sans-grain-2\/#webpage","url":"https:\/\/kaviar.ca\/en\/shop\/cat_products\/sans-grain-2\/","name":"Sans grain | Nourriture pour les chats | Qu\u00e9bec | Kaviar","isPartOf":{"@id":"https:\/\/kaviar.ca\/#website"},"primaryImageOfPage":{"@id":"https:\/\/kaviar.ca\/en\/shop\/cat_products\/sans-grain-2\/#primaryimage"},"datePublished":"2019-07-04T20:37:11+00:00","dateModified":"2023-12-17T11:14:14+00:00","description":"Nourriture de qualit\u00e9 sup\u00e9rieure | Fabriqu\u00e9 au Canada | Sans sous-produits | Hypoallerg\u00e8ne | Livraison 24h | Meilleur rapport qualit\u00e9-prix du march\u00e9","breadcrumb":{"@id":"https:\/\/kaviar.ca\/en\/shop\/cat_products\/sans-grain-2\/#breadcrumb"},"inLanguage":"en-US","potentialAction":[{"@type":"ReadAction","target":["https:\/\/kaviar.ca\/en\/shop\/cat_products\/sans-grain-2\/"]}]},{"@type":"BreadcrumbList","@id":"https:\/\/kaviar.ca\/en\/shop\/cat_products\/sans-grain-2\/#breadcrumb","itemListElement":[{"@type":"ListItem","position":1,"name":"Accueil","item":"https:\/\/kaviar.ca\/en\/"},{"@type":"ListItem","position":2,"name":"Shop","item":"https:\/\/kaviar.ca\/en\/shop\/"},{"@type":"ListItem","position":3,"name":"Sans grain"}]}]}},"_links":{"self":[{"href":"https:\/\/kaviar.ca\/en\/wp-json\/wp\/v2\/product\/17046"}],"collection":[{"href":"https:\/\/kaviar.ca\/en\/wp-json\/wp\/v2\/product"}],"about":[{"href":"https:\/\/kaviar.ca\/en\/wp-json\/wp\/v2\/types\/product"}],"replies":[{"embeddable":true,"href":"https:\/\/kaviar.ca\/en\/wp-json\/wp\/v2\/comments?post=17046"}],"wp:featuredmedia":[{"embeddable":true,"href":"https:\/\/kaviar.ca\/en\/wp-json\/wp\/v2\/media\/10411"}],"wp:attachment":[{"href":"https:\/\/kaviar.ca\/en\/wp-json\/wp\/v2\/media?parent=17046"}],"wp:term":[{"taxonomy":"product_cat","embeddable":true,"href":"https:\/\/kaviar.ca\/en\/wp-json\/wp\/v2\/product_cat?post=17046"},{"taxonomy":"product_tag","embeddable":true,"href":"https:\/\/kaviar.ca\/en\/wp-json\/wp\/v2\/product_tag?post=17046"}],"curies":[{"name":"wp","href":"https:\/\/api.w.org\/{rel}","templated":true}]}}